{"id":130,"date":"2018-05-06T16:01:31","date_gmt":"2018-05-06T14:01:31","guid":{"rendered":"http:\/\/new.fpberlin.de\/impressum\/"},"modified":"2020-10-26T11:19:40","modified_gmt":"2020-10-26T10:19:40","slug":"impressum","status":"publish","type":"page","link":"https:\/\/www.fpberlin.de\/en\/impressum\/","title":{"rendered":"Imprint"},"content":{"rendered":"<p><strong>Angaben gem\u00e4\u00df \u00a7 5 TMG:<\/strong><\/p>\n<p>Agentur Fischer &amp; Partner Hammes &amp; Hammes GbR<br \/>\nPamela Hammes \/ Alexander Hammes<\/p>\n<p><strong>Postanschrift:<\/strong><br \/>\nKnesebeckstra\u00dfe 91<br \/>\n10623 Berlin<\/p>\n<p><strong>Kontakt:<\/strong><\/p>\n<p>Telefon: +49 30 440 46 192<br \/>\nE-Mail: fischer-partner@fpberlin.de<\/p>\n<p><strong>Vertreten durch:<\/strong><\/p>\n<p>Pamela Hammes \/ Alexander Hammes<\/p>\n<p><strong>Umsatzsteuer-Identifikationsnummer<\/strong><\/p>\n<p>14\/287\/02439<\/p>\n<p><strong>Urheberrechtliche Hinweise<\/strong><\/p>\n<p>Fotografen:<br \/>\nAndr\u00e9 R\u00f6hner<br \/>\nStefan Kl\u00fcter<br \/>\nMiriam Knickriem<br \/>\nRobert Recker<br \/>\nPaul Zimmer<br \/>\nJim Rakete<br \/>\nHannes Casper<br \/>\nDenis K\u00f6nig<br \/>\nBernd Brundert<br \/>\nJeanne Degraa<br \/>\nCarsen Sander<br \/>\nEva Zocher<br \/>\nFlorentine Sievers<br \/>\nAlan Ovaska<br \/>\nDavid Reisler<\/p>\n<p><em>Das Impressum wurde mit dem\u00a0<a href=\"https:\/\/www.activemind.de\/datenschutz\/impressums-generator\/\">Impressums-Generator der activeMind AG<\/a>erstellt.<\/em><\/p>\n","protected":false},"excerpt":{"rendered":"<p>Angaben gem\u00e4\u00df \u00a7 5 TMG: Agentur Fischer &amp; Partner Hammes &amp; Hammes GbR Pamela Hammes \/ Alexander Hammes Postanschrift: Knesebeckstra\u00dfe 91 10623 Berlin Kontakt: Telefon: +49 30 440 46 192 E-Mail: fischer-partner@fpberlin.de Vertreten durch: Pamela Hammes \/ Alexander Hammes Umsatzsteuer-Identifikationsnummer 14\/287\/02439 Urheberrechtliche Hinweise Fotografen: Andr\u00e9 R\u00f6hner Stefan Kl\u00fcter Miriam Knickriem Robert Recker Paul Zimmer Jim [&hellip;]<\/p>\n","protected":false},"author":1,"featured_media":0,"parent":0,"menu_order":0,"comment_status":"closed","ping_status":"closed","template":"","meta":[],"acf":[],"_links":{"self":[{"href":"https:\/\/www.fpberlin.de\/en\/wp-json\/wp\/v2\/pages\/130"}],"collection":[{"href":"https:\/\/www.fpberlin.de\/en\/wp-json\/wp\/v2\/pages"}],"about":[{"href":"https:\/\/www.fpberlin.de\/en\/wp-json\/wp\/v2\/types\/page"}],"author":[{"embeddable":true,"href":"https:\/\/www.fpberlin.de\/en\/wp-json\/wp\/v2\/users\/1"}],"replies":[{"embeddable":true,"href":"https:\/\/www.fpberlin.de\/en\/wp-json\/wp\/v2\/comments?post=130"}],"version-history":[{"count":3,"href":"https:\/\/www.fpberlin.de\/en\/wp-json\/wp\/v2\/pages\/130\/revisions"}],"predecessor-version":[{"id":5108,"href":"https:\/\/www.fpberlin.de\/en\/wp-json\/wp\/v2\/pages\/130\/revisions\/5108"}],"wp:attachment":[{"href":"https:\/\/www.fpberlin.de\/en\/wp-json\/wp\/v2\/media?parent=130"}],"curies":[{"name":"wp","href":"https:\/\/api.w.org\/{rel}","templated":true}]}}